{"id":86,"date":"2025-01-26T18:32:09","date_gmt":"2025-01-26T18:32:09","guid":{"rendered":"https:\/\/kidsrok-wp-prd.azurewebsites.net\/?page_id=86"},"modified":"2026-03-10T08:01:56","modified_gmt":"2026-03-10T08:01:56","slug":"project-ethiopia","status":"publish","type":"page","link":"https:\/\/kidsrok-wp-prd.azurewebsites.net\/sv\/project-ethiopia\/","title":{"rendered":"Projekt Etiopien"},"content":{"rendered":"<div class=\"wp-block-media-text is-stacked-on-mobile\"><figure class=\"wp-block-media-text__media\"><img loading=\"lazy\" decoding=\"async\" width=\"886\" height=\"656\" src=\"https:\/\/kidsrokwpp-ee33225e01-endpoint.azureedge.net\/blobkidsrokwppee33225e01\/wp-content\/uploads\/2025\/01\/Screenshot-2025-01-26-at-19.30.13.png\" alt=\"\" class=\"wp-image-89 size-full\" srcset=\"\/wp-content\/uploads\/2025\/01\/Screenshot-2025-01-26-at-19.30.13.png 886w, \/wp-content\/uploads\/2025\/01\/Screenshot-2025-01-26-at-19.30.13-300x222.png 300w, \/wp-content\/uploads\/2025\/01\/Screenshot-2025-01-26-at-19.30.13-768x569.png 768w\" sizes=\"(max-width: 886px) 100vw, 886px\" \/><\/figure><div class=\"wp-block-media-text__content\">\n<p><strong style=\"caret-color: rgb(0, 0, 0); color: rgb(0, 0, 0); white-space: normal; font-family: var(--wp--preset--font-family--ubuntu); font-size: var(--wp--preset--font-size--body-text);\">M\u00e5len f\u00f6r projektet i Ehtiopia:<\/strong><\/p>\n\n\n\n<ul>\n<li>M\u00f6jligg\u00f6ra f\u00f6r barn som bor p\u00e5 barnhemmet att g\u00e5 i skolan f\u00f6r att f\u00e5 utbildning <\/li>\n\n\n\n<li>Tillhandah\u00e5lla utbildningsst\u00f6d i form av material och andra resurser. <\/li>\n\n\n\n<li>St\u00f6d barnen s\u00e5 att de kan f\u00f6rverkliga sina dr\u00f6mmar.<\/li>\n<\/ul>\n<\/div><\/div>\n\n\n\n<p>kids.R.ok \u00e4r glada \u00f6ver att vara partner fr\u00e5n 2024 och st\u00f6dja \u2018<strong><em>M\u00e4nniskoson Barnhem Hem<\/em><\/strong>\u2018 st\u00f6d till barnen i Etiopien.<\/p>\n\n\n\n<p><\/p>\n\n\n\n<figure class=\"wp-block-image size-large\"><img loading=\"lazy\" decoding=\"async\" width=\"1024\" height=\"302\" src=\"\/wp-content\/uploads\/2026\/03\/Screenshot-2026-03-04-at-07.54.40-1-1024x302.png\" alt=\"\" class=\"wp-image-509\" srcset=\"\/wp-content\/uploads\/2026\/03\/Screenshot-2026-03-04-at-07.54.40-1-1024x302.png 1024w, \/wp-content\/uploads\/2026\/03\/Screenshot-2026-03-04-at-07.54.40-1-300x89.png 300w, \/wp-content\/uploads\/2026\/03\/Screenshot-2026-03-04-at-07.54.40-1-768x227.png 768w, \/wp-content\/uploads\/2026\/03\/Screenshot-2026-03-04-at-07.54.40-1-1536x453.png 1536w, \/wp-content\/uploads\/2026\/03\/Screenshot-2026-03-04-at-07.54.40-1-2048x604.png 2048w\" sizes=\"(max-width: 1024px) 100vw, 1024px\" \/><\/figure>\n\n\n\n<p><strong>Det ekonomiska st\u00f6det t\u00e4cker f\u00f6ljande kriterier f\u00f6r det etiopiska projektet p\u00e5 barnhemmet<\/strong><\/p>\n\n\n\n<ul>\n<li>Ink\u00f6p av skolmaterial och kl\u00e4der (inklusive skoluniform)<\/li>\n\n\n\n<li>Ink\u00f6p av sanitets- och hygienmaterial<\/li>\n\n\n\n<li>Sjukv\u00e5rdskostnader f\u00f6r barn<\/li>\n\n\n\n<li>Kostnader f\u00f6r skolavgifter och relaterade kostnader f\u00f6r barn som deltar i TVET<\/li>\n<\/ul>\n\n\n\n<figure class=\"wp-block-image size-large\"><img loading=\"lazy\" decoding=\"async\" width=\"1024\" height=\"435\" src=\"https:\/\/kidsrokwpp-ee33225e01-endpoint.azureedge.net\/blobkidsrokwppee33225e01\/wp-content\/uploads\/2026\/02\/0342d8e7de838e5b1e23af67323464425773977b42a9bf0e60f836606644a3b2-1024x435.png\" alt=\"\" class=\"wp-image-492\" srcset=\"\/wp-content\/uploads\/2026\/02\/0342d8e7de838e5b1e23af67323464425773977b42a9bf0e60f836606644a3b2-1024x435.png 1024w, \/wp-content\/uploads\/2026\/02\/0342d8e7de838e5b1e23af67323464425773977b42a9bf0e60f836606644a3b2-300x127.png 300w, \/wp-content\/uploads\/2026\/02\/0342d8e7de838e5b1e23af67323464425773977b42a9bf0e60f836606644a3b2-768x326.png 768w, \/wp-content\/uploads\/2026\/02\/0342d8e7de838e5b1e23af67323464425773977b42a9bf0e60f836606644a3b2-1536x653.png 1536w, \/wp-content\/uploads\/2026\/02\/0342d8e7de838e5b1e23af67323464425773977b42a9bf0e60f836606644a3b2.png 1958w\" sizes=\"(max-width: 1024px) 100vw, 1024px\" \/><\/figure>\n\n\n\n<blockquote class=\"wp-block-quote is-layout-flow wp-block-quote-is-layout-flow\">\n<h6 class=\"wp-block-heading\">K\u00e4ra Allan &amp; George<\/h6>\n\n\n\n<h6 class=\"wp-block-heading\">Vi vill rikta ett s\u00e4rskilt tack till er b\u00e5da, som reste hela v\u00e4gen fr\u00e5n Sverige f\u00f6r att bes\u00f6ka oss. Ert bes\u00f6k gav oss en obeskrivlig gl\u00e4dje och de m\u00e5nga leksaker ni hade med er har gett barnen minnen som de kommer att v\u00e5rda f\u00f6r alltid.<\/h6>\n\n\n\n<h6 class=\"wp-block-heading\">Effekten av ert st\u00f6d \u00e4r verkligen oj\u00e4mf\u00f6rlig. F\u00f6rutom att ge barnen ett leende p\u00e5 l\u00e4pparna har ni tagit p\u00e5 er det enorma ansvaret att t\u00e4cka deras skolkostnader, vilket ger dem en nyckel till en framtid som annars skulle vara utom r\u00e4ckh\u00e5ll.<\/h6>\n\n\n\n<h6 class=\"wp-block-heading\">Som om detta inte vore nog har ni nu ocks\u00e5 \u00e5tagit er att finansiera borrningen av en vattenbrunn. Tillg\u00e5ng till rent vatten p\u00e5 plats \u00e4r en livsf\u00f6r\u00e4ndrande g\u00e5va som kommer att f\u00f6r\u00e4ndra det dagliga livet f\u00f6r alla barn och anst\u00e4llda h\u00e4r under m\u00e5nga \u00e5r fram\u00f6ver.<\/h6>\n\n\n\n<h6 class=\"wp-block-heading\">Tack f\u00f6r att du g\u00e5r den extra milen - b\u00e5de i avst\u00e5nd och i ditt otroliga engagemang. Den skillnad ni g\u00f6r \u00e4r djupg\u00e5ende och bortom allt rimligt m\u00e5tt.<\/h6>\n\n\n\n<h6 class=\"wp-block-heading\">Med min djupaste tacksamhet,<br>Meaza<\/h6>\n<cite>Grundare av barnhem i Etiopien, 2026<\/cite><\/blockquote>\n\n\n\n<p><em>\u201c<strong>Vi beh\u00f6ver fortsatt st\u00f6d f\u00f6r att t\u00e4cka n\u00f6dv\u00e4ndiga utgifter som mat, kl\u00e4der, hyra och f\u00e4rdigst\u00e4llandet av den byggnad som en dag kommer att utg\u00f6ra en trygg tillflyktsort f\u00f6r s\u00e5 m\u00e5nga barn. Tillsammans kan vi g\u00f6ra skillnad. Tack kids.R.ok f\u00f6r att ni \u00e4r en del av v\u00e5r resa, och m\u00e5 det nya \u00e5ret ge er rikligt med v\u00e4lsignelser, gl\u00e4dje och fred.  Med k\u00e4rlek och hopp fr\u00e5n Etiopien<\/strong>\u201c<\/em><\/p>\n\n\n\n<ul>\n<li><strong><em>Meaza Deneke - Grundare<\/em><\/strong>, 2025<\/li>\n<\/ul>\n\n\n\n<figure class=\"wp-block-gallery has-nested-images columns-default is-cropped wp-block-gallery-1 is-layout-flex wp-block-gallery-is-layout-flex\">\n<figure class=\"wp-block-image size-large\"><img loading=\"lazy\" decoding=\"async\" width=\"1024\" height=\"478\" data-id=\"530\" src=\"\/wp-content\/uploads\/2026\/03\/6c3f8e0f-4458-4101-b911-ddae12bb1116-1024x478.jpg\" alt=\"\" class=\"wp-image-530\" srcset=\"\/wp-content\/uploads\/2026\/03\/6c3f8e0f-4458-4101-b911-ddae12bb1116-1024x478.jpg 1024w, \/wp-content\/uploads\/2026\/03\/6c3f8e0f-4458-4101-b911-ddae12bb1116-300x140.jpg 300w, \/wp-content\/uploads\/2026\/03\/6c3f8e0f-4458-4101-b911-ddae12bb1116-768x359.jpg 768w, \/wp-content\/uploads\/2026\/03\/6c3f8e0f-4458-4101-b911-ddae12bb1116-1536x717.jpg 1536w, \/wp-content\/uploads\/2026\/03\/6c3f8e0f-4458-4101-b911-ddae12bb1116-18x8.jpg 18w, \/wp-content\/uploads\/2026\/03\/6c3f8e0f-4458-4101-b911-ddae12bb1116.jpg 2000w\" sizes=\"(max-width: 1024px) 100vw, 1024px\" \/><\/figure>\n\n\n\n<figure class=\"wp-block-image size-large\"><img loading=\"lazy\" decoding=\"async\" width=\"1024\" height=\"478\" data-id=\"531\" src=\"\/wp-content\/uploads\/2026\/03\/29552227-cb37-4347-b184-f4cc8fafb1b3-1024x478.jpg\" alt=\"\" class=\"wp-image-531\" srcset=\"\/wp-content\/uploads\/2026\/03\/29552227-cb37-4347-b184-f4cc8fafb1b3-1024x478.jpg 1024w, \/wp-content\/uploads\/2026\/03\/29552227-cb37-4347-b184-f4cc8fafb1b3-300x140.jpg 300w, \/wp-content\/uploads\/2026\/03\/29552227-cb37-4347-b184-f4cc8fafb1b3-768x359.jpg 768w, \/wp-content\/uploads\/2026\/03\/29552227-cb37-4347-b184-f4cc8fafb1b3-1536x717.jpg 1536w, \/wp-content\/uploads\/2026\/03\/29552227-cb37-4347-b184-f4cc8fafb1b3-18x8.jpg 18w, \/wp-content\/uploads\/2026\/03\/29552227-cb37-4347-b184-f4cc8fafb1b3.jpg 2000w\" sizes=\"(max-width: 1024px) 100vw, 1024px\" \/><\/figure>\n\n\n\n<figure class=\"wp-block-image size-large\"><img loading=\"lazy\" decoding=\"async\" width=\"1024\" height=\"768\" data-id=\"507\" src=\"https:\/\/kidsrokwpp-ee33225e01-endpoint.azureedge.net\/blobkidsrokwppee33225e01\/wp-content\/uploads\/2026\/03\/605134557_906507268727227_68727340403347452_n-1024x768.jpg\" alt=\"\" class=\"wp-image-507\" srcset=\"\/wp-content\/uploads\/2026\/03\/605134557_906507268727227_68727340403347452_n-1024x768.jpg 1024w, \/wp-content\/uploads\/2026\/03\/605134557_906507268727227_68727340403347452_n-300x225.jpg 300w, \/wp-content\/uploads\/2026\/03\/605134557_906507268727227_68727340403347452_n-768x576.jpg 768w, \/wp-content\/uploads\/2026\/03\/605134557_906507268727227_68727340403347452_n-1536x1152.jpg 1536w, \/wp-content\/uploads\/2026\/03\/605134557_906507268727227_68727340403347452_n.jpg 2016w\" sizes=\"(max-width: 1024px) 100vw, 1024px\" \/><\/figure>\n\n\n\n<figure class=\"wp-block-image size-large\"><img loading=\"lazy\" decoding=\"async\" width=\"577\" height=\"1024\" data-id=\"533\" src=\"\/wp-content\/uploads\/2026\/03\/df301356-e806-49f0-8f65-324b365d8cb7-577x1024.jpg\" alt=\"\" class=\"wp-image-533\" srcset=\"\/wp-content\/uploads\/2026\/03\/df301356-e806-49f0-8f65-324b365d8cb7-577x1024.jpg 577w, \/wp-content\/uploads\/2026\/03\/df301356-e806-49f0-8f65-324b365d8cb7-169x300.jpg 169w, \/wp-content\/uploads\/2026\/03\/df301356-e806-49f0-8f65-324b365d8cb7-768x1364.jpg 768w, \/wp-content\/uploads\/2026\/03\/df301356-e806-49f0-8f65-324b365d8cb7-865x1536.jpg 865w, \/wp-content\/uploads\/2026\/03\/df301356-e806-49f0-8f65-324b365d8cb7-7x12.jpg 7w, \/wp-content\/uploads\/2026\/03\/df301356-e806-49f0-8f65-324b365d8cb7.jpg 1126w\" sizes=\"(max-width: 577px) 100vw, 577px\" \/><\/figure>\n\n\n\n<figure class=\"wp-block-image size-large\"><img loading=\"lazy\" decoding=\"async\" width=\"577\" height=\"1024\" data-id=\"535\" src=\"\/wp-content\/uploads\/2026\/03\/6f4dc0e8-a1a2-4487-bc38-49fcd6f3e77a-577x1024.jpg\" alt=\"\" class=\"wp-image-535\" srcset=\"\/wp-content\/uploads\/2026\/03\/6f4dc0e8-a1a2-4487-bc38-49fcd6f3e77a-577x1024.jpg 577w, \/wp-content\/uploads\/2026\/03\/6f4dc0e8-a1a2-4487-bc38-49fcd6f3e77a-169x300.jpg 169w, \/wp-content\/uploads\/2026\/03\/6f4dc0e8-a1a2-4487-bc38-49fcd6f3e77a-768x1364.jpg 768w, \/wp-content\/uploads\/2026\/03\/6f4dc0e8-a1a2-4487-bc38-49fcd6f3e77a-865x1536.jpg 865w, \/wp-content\/uploads\/2026\/03\/6f4dc0e8-a1a2-4487-bc38-49fcd6f3e77a-7x12.jpg 7w, \/wp-content\/uploads\/2026\/03\/6f4dc0e8-a1a2-4487-bc38-49fcd6f3e77a.jpg 1126w\" sizes=\"(max-width: 577px) 100vw, 577px\" \/><\/figure>\n\n\n\n<figure class=\"wp-block-image size-large\"><img loading=\"lazy\" decoding=\"async\" width=\"768\" height=\"1024\" data-id=\"424\" src=\"\/wp-content\/uploads\/2026\/02\/PHOTO-2025-12-06-19-25-19-2-768x1024.jpg\" alt=\"\" class=\"wp-image-424\" srcset=\"\/wp-content\/uploads\/2026\/02\/PHOTO-2025-12-06-19-25-19-2-768x1024.jpg 768w, \/wp-content\/uploads\/2026\/02\/PHOTO-2025-12-06-19-25-19-2-225x300.jpg 225w, \/wp-content\/uploads\/2026\/02\/PHOTO-2025-12-06-19-25-19-2-1152x1536.jpg 1152w, \/wp-content\/uploads\/2026\/02\/PHOTO-2025-12-06-19-25-19-2.jpg 1200w\" sizes=\"(max-width: 768px) 100vw, 768px\" \/><\/figure>\n\n\n\n<figure class=\"wp-block-image size-large\"><img loading=\"lazy\" decoding=\"async\" width=\"1024\" height=\"768\" data-id=\"420\" src=\"\/wp-content\/uploads\/2026\/02\/PHOTO-2025-12-06-19-25-19-3-1024x768.jpg\" alt=\"\" class=\"wp-image-420\" srcset=\"\/wp-content\/uploads\/2026\/02\/PHOTO-2025-12-06-19-25-19-3-1024x768.jpg 1024w, \/wp-content\/uploads\/2026\/02\/PHOTO-2025-12-06-19-25-19-3-300x225.jpg 300w, \/wp-content\/uploads\/2026\/02\/PHOTO-2025-12-06-19-25-19-3-768x576.jpg 768w, \/wp-content\/uploads\/2026\/02\/PHOTO-2025-12-06-19-25-19-3-1536x1152.jpg 1536w, \/wp-content\/uploads\/2026\/02\/PHOTO-2025-12-06-19-25-19-3.jpg 1600w\" sizes=\"(max-width: 1024px) 100vw, 1024px\" \/><\/figure>\n\n\n\n<figure class=\"wp-block-image size-large\"><img loading=\"lazy\" decoding=\"async\" width=\"1024\" height=\"768\" data-id=\"422\" src=\"\/wp-content\/uploads\/2026\/02\/PHOTO-2025-12-06-19-25-19-4-1024x768.jpg\" alt=\"\" class=\"wp-image-422\" srcset=\"\/wp-content\/uploads\/2026\/02\/PHOTO-2025-12-06-19-25-19-4-1024x768.jpg 1024w, \/wp-content\/uploads\/2026\/02\/PHOTO-2025-12-06-19-25-19-4-300x225.jpg 300w, \/wp-content\/uploads\/2026\/02\/PHOTO-2025-12-06-19-25-19-4-768x576.jpg 768w, \/wp-content\/uploads\/2026\/02\/PHOTO-2025-12-06-19-25-19-4-1536x1152.jpg 1536w, \/wp-content\/uploads\/2026\/02\/PHOTO-2025-12-06-19-25-19-4.jpg 1600w\" sizes=\"(max-width: 1024px) 100vw, 1024px\" \/><\/figure>\n\n\n\n<figure class=\"wp-block-image size-large\"><img loading=\"lazy\" decoding=\"async\" width=\"1024\" height=\"768\" data-id=\"425\" src=\"\/wp-content\/uploads\/2026\/02\/PHOTO-2025-12-06-19-25-19-1024x768.jpg\" alt=\"\" class=\"wp-image-425\" srcset=\"\/wp-content\/uploads\/2026\/02\/PHOTO-2025-12-06-19-25-19-1024x768.jpg 1024w, \/wp-content\/uploads\/2026\/02\/PHOTO-2025-12-06-19-25-19-300x225.jpg 300w, \/wp-content\/uploads\/2026\/02\/PHOTO-2025-12-06-19-25-19-768x576.jpg 768w, \/wp-content\/uploads\/2026\/02\/PHOTO-2025-12-06-19-25-19-1536x1152.jpg 1536w, \/wp-content\/uploads\/2026\/02\/PHOTO-2025-12-06-19-25-19.jpg 1600w\" sizes=\"(max-width: 1024px) 100vw, 1024px\" \/><\/figure>\n\n\n\n<figure class=\"wp-block-image size-large\"><img loading=\"lazy\" decoding=\"async\" width=\"1024\" height=\"837\" data-id=\"90\" src=\"\/wp-content\/uploads\/2025\/01\/Screenshot-2025-01-26-at-19.31.55-1024x837.png\" alt=\"\" class=\"wp-image-90\" srcset=\"\/wp-content\/uploads\/2025\/01\/Screenshot-2025-01-26-at-19.31.55-1024x837.png 1024w, \/wp-content\/uploads\/2025\/01\/Screenshot-2025-01-26-at-19.31.55-300x245.png 300w, \/wp-content\/uploads\/2025\/01\/Screenshot-2025-01-26-at-19.31.55-768x628.png 768w, \/wp-content\/uploads\/2025\/01\/Screenshot-2025-01-26-at-19.31.55.png 1470w\" sizes=\"(max-width: 1024px) 100vw, 1024px\" \/><\/figure>\n<\/figure>\n\n\n\n<pre class=\"wp-block-preformatted\"><strong>V\u00e5r resa och v\u00e5rt bes\u00f6k i Etiopien:<\/strong><br><a href=\"https:\/\/kidsrok-wp-prd.azurewebsites.net\/sv\/project-ethiopia\/ethiopia-trip\/\" data-type=\"page\" data-id=\"434\">L\u00e4s mer h\u00e4r <\/a>f\u00f6r att hitta v\u00e5r dagbok fr\u00e5n kids.R.ok-teamets bes\u00f6k p\u00e5 barnhemmet<br><br>Kontakta oss om du vill ha mer information:&nbsp;<a href=\"mailto:info@kidsrok.org\">info@kidsrok.org<\/a><\/pre>","protected":false},"excerpt":{"rendered":"<p>kids.R.ok is delighted to partner from 2024 and support &#8216;Son of man Orphanage Home&#8216; supporting the children in Ethiopia. The financial support covers the following criteria for the [&hellip;]<\/p>\n","protected":false},"author":2,"featured_media":0,"parent":0,"menu_order":0,"comment_status":"closed","ping_status":"closed","template":"","meta":{"footnotes":""},"_links":{"self":[{"href":"https:\/\/kidsrok-wp-prd.azurewebsites.net\/sv\/wp-json\/wp\/v2\/pages\/86"}],"collection":[{"href":"https:\/\/kidsrok-wp-prd.azurewebsites.net\/sv\/wp-json\/wp\/v2\/pages"}],"about":[{"href":"https:\/\/kidsrok-wp-prd.azurewebsites.net\/sv\/wp-json\/wp\/v2\/types\/page"}],"author":[{"embeddable":true,"href":"https:\/\/kidsrok-wp-prd.azurewebsites.net\/sv\/wp-json\/wp\/v2\/users\/2"}],"replies":[{"embeddable":true,"href":"https:\/\/kidsrok-wp-prd.azurewebsites.net\/sv\/wp-json\/wp\/v2\/comments?post=86"}],"version-history":[{"count":29,"href":"https:\/\/kidsrok-wp-prd.azurewebsites.net\/sv\/wp-json\/wp\/v2\/pages\/86\/revisions"}],"predecessor-version":[{"id":564,"href":"https:\/\/kidsrok-wp-prd.azurewebsites.net\/sv\/wp-json\/wp\/v2\/pages\/86\/revisions\/564"}],"wp:attachment":[{"href":"https:\/\/kidsrok-wp-prd.azurewebsites.net\/sv\/wp-json\/wp\/v2\/media?parent=86"}],"curies":[{"name":"wp","href":"https:\/\/api.w.org\/{rel}","templated":true}]}}