{"id":232,"date":"2026-02-16T12:12:57","date_gmt":"2026-02-16T12:12:57","guid":{"rendered":"https:\/\/kidsrok-wp-prd.azurewebsites.net\/?page_id=232"},"modified":"2026-02-16T13:26:41","modified_gmt":"2026-02-16T13:26:41","slug":"autogiro","status":"publish","type":"page","link":"https:\/\/kidsrok-wp-prd.azurewebsites.net\/sv\/autogiro\/","title":{"rendered":"Autogiro"},"content":{"rendered":"\n<h3 class=\"wp-block-heading\">G\u00e5vor via Autogiro<\/h3>\n\n\n\n<p>V\u00e4nligen fyll i nedan uppgifter och tryck p\u00e5 \u201cSkicka\u201d. Efter ett par minuter skickar vi en bekr\u00e4ftelse till din emailadress. Om du inte f\u00e5tt bekr\u00e4ftelsen inom ett par minuter, kontrollera om bekr\u00e4ftelsen hamnat i skr\u00e4pposten.<\/p>\n\n\n<div class=\"wpforms-container wpforms-container-full wpforms-block wpforms-block-e38cdf7b-f872-4831-acd3-ae4d704322f1 wpforms-render-modern\" id=\"wpforms-236\"><form id=\"wpforms-form-236\" class=\"wpforms-validate wpforms-form wpforms-ajax-form\" data-formid=\"236\" method=\"post\" enctype=\"multipart\/form-data\" action=\"\/sv\/wp-json\/wp\/v2\/pages\/232\" data-token=\"adb74f984f55493fbef2913f50b06711\" data-token-time=\"1777524622\"><noscript class=\"wpforms-error-noscript\">Aktivera JavaScript i din webbl\u00e4sare f\u00f6r att slutf\u00f6ra detta formul\u00e4r.<\/noscript><div class=\"wpforms-hidden\" id=\"wpforms-error-noscript\">Aktivera JavaScript i din webbl\u00e4sare f\u00f6r att slutf\u00f6ra detta formul\u00e4r.<\/div><div class=\"wpforms-field-container\"><div id=\"wpforms-236-field_1-container\" class=\"wpforms-field wpforms-field-name\" data-field-id=\"1\"><label class=\"wpforms-field-label\" for=\"wpforms-236-field_1\">Ditt namn: (obligatoriskt) <span class=\"wpforms-required-label\" aria-hidden=\"true\">*<\/span><\/label><input type=\"text\" id=\"wpforms-236-field_1\" class=\"wpforms-field-medium wpforms-field-required\" name=\"wpforms[fields][1]\" aria-errormessage=\"wpforms-236-field_1-error\" required><\/div><div id=\"wpforms-236-field_2-container\" class=\"wpforms-field wpforms-field-email\" data-field-id=\"2\"><label class=\"wpforms-field-label\" for=\"wpforms-236-field_2\">Ditt Email: (obligatoriskt) <span class=\"wpforms-required-label\" aria-hidden=\"true\">*<\/span><\/label><input type=\"email\" id=\"wpforms-236-field_2\" class=\"wpforms-field-medium wpforms-field-required\" name=\"wpforms[fields][2]\" spellcheck=\"false\" aria-errormessage=\"wpforms-236-field_2-error\" required><\/div><div id=\"wpforms-236-field_3-container\" class=\"wpforms-field wpforms-field-radio wpforms-list-inline\" data-field-id=\"3\"><fieldset><legend class=\"wpforms-field-label\">Belopp per m\u00e5nad:<\/legend><ul id=\"wpforms-236-field_3\"><li class=\"choice-1 depth-1\"><input type=\"radio\" id=\"wpforms-236-field_3_1\" name=\"wpforms[fields][3]\" value=\"50 SEK\" aria-errormessage=\"wpforms-236-field_3_1-error\"  ><label class=\"wpforms-field-label-inline\" for=\"wpforms-236-field_3_1\">50 SEK<\/label><\/li><li class=\"choice-2 depth-1\"><input type=\"radio\" id=\"wpforms-236-field_3_2\" name=\"wpforms[fields][3]\" value=\"200 SEK\" aria-errormessage=\"wpforms-236-field_3_2-error\"  ><label class=\"wpforms-field-label-inline\" for=\"wpforms-236-field_3_2\">200 SEK<\/label><\/li><li class=\"choice-3 depth-1\"><input type=\"radio\" id=\"wpforms-236-field_3_3\" name=\"wpforms[fields][3]\" value=\"500 SEK\" aria-errormessage=\"wpforms-236-field_3_3-error\"  ><label class=\"wpforms-field-label-inline\" for=\"wpforms-236-field_3_3\">500 SEK<\/label><\/li><li class=\"choice-4 depth-1\"><input type=\"radio\" id=\"wpforms-236-field_3_4\" name=\"wpforms[fields][3]\" value=\"1000 SEK\" aria-errormessage=\"wpforms-236-field_3_4-error\"  ><label class=\"wpforms-field-label-inline\" for=\"wpforms-236-field_3_4\">1000 SEK<\/label><\/li><\/ul><\/fieldset><\/div><div id=\"wpforms-236-field_4-container\" class=\"wpforms-field wpforms-field-checkbox\" data-field-id=\"4\"><fieldset><legend class=\"wpforms-field-label\"><\/legend><ul id=\"wpforms-236-field_4\"><li class=\"choice-3 depth-1\"><input type=\"checkbox\" id=\"wpforms-236-field_4_3\" name=\"wpforms[fields][4][]\" value=\"Jag godk\u00e4nner att mina personuppgifter sparas i samband med mitt m\u00e5nadsgivande (n\u00f6dv\u00e4ndigt f\u00f6r m\u00e5nadssparande).\" aria-errormessage=\"wpforms-236-field_4_3-error\"  ><label class=\"wpforms-field-label-inline\" for=\"wpforms-236-field_4_3\">Jag godk\u00e4nner att mina personuppgifter sparas i samband med mitt m\u00e5nadsgivande (n\u00f6dv\u00e4ndigt f\u00f6r m\u00e5nadssparande).<\/label><\/li><li class=\"choice-4 depth-1\"><input type=\"checkbox\" id=\"wpforms-236-field_4_4\" name=\"wpforms[fields][4][]\" value=\"Jag vill \u00e4ven prenumerera p\u00e5 KIDS.R.OKs nyhetsbrev och godk\u00e4nner att mina personuppgifter sparas i samband med det (frivilligt).\" aria-errormessage=\"wpforms-236-field_4_4-error\"  ><label class=\"wpforms-field-label-inline\" for=\"wpforms-236-field_4_4\">Jag vill \u00e4ven prenumerera p\u00e5 KIDS.R.OKs nyhetsbrev och godk\u00e4nner att mina personuppgifter sparas i samband med det (frivilligt).<\/label><\/li><\/ul><\/fieldset><\/div><\/div><!-- .wpforms-field-container --><div class=\"wpforms-submit-container\" ><input type=\"hidden\" name=\"wpforms[id]\" value=\"236\"><input type=\"hidden\" name=\"page_title\" value=\"\"><input type=\"hidden\" name=\"page_url\" value=\"https:\/\/kidsrok-wp-prd.azurewebsites.net\/sv\/wp-json\/wp\/v2\/pages\/232\"><button type=\"submit\" name=\"wpforms[submit]\" id=\"wpforms-submit-236\" class=\"wpforms-submit\" data-alt-text=\"Sending...\" data-submit-text=\"SKICKA\" aria-live=\"assertive\" value=\"wpforms-submit\">SKICKA<\/button><img loading=\"lazy\" decoding=\"async\" src=\"\/wp-content\/plugins\/wpforms-lite\/assets\/images\/submit-spin.svg\" class=\"wpforms-submit-spinner\" style=\"display: none;\" width=\"26\" height=\"26\" alt=\"Laddar\"><\/div><\/form><\/div>  <!-- .wpforms-container -->\n\n\n<p><strong>Viktigt:<\/strong><br>F\u00f6r att m\u00e5nadsgivandet ska kunna debiteras fr\u00e5n ditt konto kr\u00e4vs ditt elektroniska medgivande. Medgivandet kan signeras digitalt via din internetbank och du hittar oss genom att s\u00f6ka upp betalningsmottagaren &#8220;<strong>Kids.R.ok<\/strong>&#8221; eller Bankgironummer&nbsp;<strong>&#8220;5223 &#8211; 4176&#8221;<\/strong>&nbsp;i din internetbank.<\/p>\n\n\n\n<p>Ange ditt&nbsp;<strong>personnummer<\/strong>&nbsp;som betalarnummer n\u00e4r du fyller i uppgifterna.<\/p>\n\n\n\n<p><a href=\"\/villkor-for-autogiro\">Villkor f\u00f6r Autogiro (in Swedish)<\/a><\/p>\n\n\n\n<p><a href=\"\/andra-autogiro\">\u00c4ndra m\u00e5nadsgivande<\/a><\/p>\n","protected":false},"excerpt":{"rendered":"<p>G\u00e5vor via Autogiro V\u00e4nligen fyll i nedan uppgifter och tryck p\u00e5 \u201cSkicka\u201d. Efter ett par minuter skickar vi en bekr\u00e4ftelse till din emailadress. Om du inte f\u00e5tt bekr\u00e4ftelsen [&hellip;]<\/p>\n","protected":false},"author":3,"featured_media":0,"parent":0,"menu_order":0,"comment_status":"closed","ping_status":"closed","template":"","meta":{"footnotes":""},"_links":{"self":[{"href":"https:\/\/kidsrok-wp-prd.azurewebsites.net\/sv\/wp-json\/wp\/v2\/pages\/232"}],"collection":[{"href":"https:\/\/kidsrok-wp-prd.azurewebsites.net\/sv\/wp-json\/wp\/v2\/pages"}],"about":[{"href":"https:\/\/kidsrok-wp-prd.azurewebsites.net\/sv\/wp-json\/wp\/v2\/types\/page"}],"author":[{"embeddable":true,"href":"https:\/\/kidsrok-wp-prd.azurewebsites.net\/sv\/wp-json\/wp\/v2\/users\/3"}],"replies":[{"embeddable":true,"href":"https:\/\/kidsrok-wp-prd.azurewebsites.net\/sv\/wp-json\/wp\/v2\/comments?post=232"}],"version-history":[{"count":10,"href":"https:\/\/kidsrok-wp-prd.azurewebsites.net\/sv\/wp-json\/wp\/v2\/pages\/232\/revisions"}],"predecessor-version":[{"id":266,"href":"https:\/\/kidsrok-wp-prd.azurewebsites.net\/sv\/wp-json\/wp\/v2\/pages\/232\/revisions\/266"}],"wp:attachment":[{"href":"https:\/\/kidsrok-wp-prd.azurewebsites.net\/sv\/wp-json\/wp\/v2\/media?parent=232"}],"curies":[{"name":"wp","href":"https:\/\/api.w.org\/{rel}","templated":true}]}}